{"id":12138,"date":"2017-11-07T17:50:20","date_gmt":"2017-11-07T19:50:20","guid":{"rendered":"http:\/\/rigitec.com.br\/br\/?page_id=12138"},"modified":"2017-11-30T16:21:22","modified_gmt":"2017-11-30T18:21:22","slug":"area-de-atuacao","status":"publish","type":"page","link":"http:\/\/rigitec.com.br\/br\/area-de-atuacao\/","title":{"rendered":"AREA DE ATUA\u00c7\u00c3O"},"content":{"rendered":"<div  class=\"fusion-fullwidth fullwidth-box fusion-blend-mode nonhundred-percent-fullwidth\"  style='background-color: rgba(255,255,255,0);background-position: center center;background-repeat: no-repeat;padding-top:0px;padding-right:0px;padding-bottom:0px;padding-left:0px;'><div class=\"fusion-builder-row fusion-row \"><div  class=\"fusion-layout-column fusion_builder_column fusion_builder_column_1_1  fusion-one-full fusion-column-first fusion-column-last 1_1\"  style='margin-top:0px;margin-bottom:20px;'>\n\t\t\t\t\t<div class=\"fusion-column-wrapper\" style=\"background-position:left top;background-repeat:no-repeat;-webkit-background-size:cover;-moz-background-size:cover;-o-background-size:cover;background-size:cover;\"  data-bg-url=\"\">\n\t\t\t\t\t\t<div class=\"fusion-sep-clear\"><\/div><div class=\"fusion-separator fusion-full-width-sep sep-none\" style=\"margin-left: auto;margin-right: auto;margin-top:30px;\"><\/div><div class=\"fusion-clearfix\"><\/div>\n\n\t\t\t\t\t<\/div>\n\t\t\t\t<\/div><div  class=\"fusion-layout-column fusion_builder_column fusion_builder_column_1_5  fusion-one-fifth fusion-column-first fusion-no-small-visibility 1_5\"  style='margin-top:0px;margin-bottom:20px;width:20%;width:calc(20% - ( ( 4% + 4% + 4% + 4% ) * 0.2 ) );margin-right: 4%;'>\n\t\t\t\t\t<div class=\"fusion-column-wrapper\" style=\"background-position:left top;background-repeat:no-repeat;-webkit-background-size:cover;-moz-background-size:cover;-o-background-size:cover;background-size:cover;\"  data-bg-url=\"\">\n\t\t\t\t\t\t<div class=\"aligncenter\"><i class=\"fa fontawesome-icon fa-bus circle-no\" style=\"font-size:70px;margin-left:0;margin-right:0;color:#333333;\"><\/i><\/div><p style=\"text-align: center; color: #333333; padding-top: 20px;\">\u00d4nibus<\/p>\n<div class=\"fusion-clearfix\"><\/div>\n\n\t\t\t\t\t<\/div>\n\t\t\t\t<\/div><div  class=\"fusion-layout-column fusion_builder_column fusion_builder_column_1_5  fusion-one-fifth fusion-no-small-visibility 1_5\"  style='margin-top:0px;margin-bottom:20px;width:20%;width:calc(20% - ( ( 4% + 4% + 4% + 4% ) * 0.2 ) );margin-right: 4%;'>\n\t\t\t\t\t<div class=\"fusion-column-wrapper\" style=\"background-position:left top;background-repeat:no-repeat;-webkit-background-size:cover;-moz-background-size:cover;-o-background-size:cover;background-size:cover;\"  data-bg-url=\"\">\n\t\t\t\t\t\t<div class=\"aligncenter\"><i class=\"fa fontawesome-icon fa-truck circle-no\" style=\"font-size:70px;margin-left:0;margin-right:0;color:#333333;\"><\/i><\/div><p style=\"text-align: center; color: #333333; padding-top: 20px;\">Caminh\u00f5es<\/p>\n<div class=\"fusion-clearfix\"><\/div>\n\n\t\t\t\t\t<\/div>\n\t\t\t\t<\/div><div  class=\"fusion-layout-column fusion_builder_column fusion_builder_column_1_5  fusion-one-fifth fusion-no-small-visibility 1_5\"  style='margin-top:0px;margin-bottom:20px;width:20%;width:calc(20% - ( ( 4% + 4% + 4% + 4% ) * 0.2 ) );margin-right: 4%;'>\n\t\t\t\t\t<div class=\"fusion-column-wrapper\" style=\"background-position:left top;background-repeat:no-repeat;-webkit-background-size:cover;-moz-background-size:cover;-o-background-size:cover;background-size:cover;\"  data-bg-url=\"\">\n\t\t\t\t\t\t<div class=\"aligncenter\"><i class=\"fa fontawesome-icon fa-car circle-no\" style=\"font-size:70px;margin-left:0;margin-right:0;color:#333333;\"><\/i><\/div><p style=\"text-align: center; color: #333333; padding-top: 20px;\">Autom\u00f3veis<\/p>\n<div class=\"fusion-clearfix\"><\/div>\n\n\t\t\t\t\t<\/div>\n\t\t\t\t<\/div><div  class=\"fusion-layout-column fusion_builder_column fusion_builder_column_1_5  fusion-one-fifth fusion-no-small-visibility 1_5\"  style='margin-top:0px;margin-bottom:20px;width:20%;width:calc(20% - ( ( 4% + 4% + 4% + 4% ) * 0.2 ) );margin-right: 4%;'>\n\t\t\t\t\t<div class=\"fusion-column-wrapper\" style=\"background-position:left top;background-repeat:no-repeat;-webkit-background-size:cover;-moz-background-size:cover;-o-background-size:cover;background-size:cover;\"  data-bg-url=\"\">\n\t\t\t\t\t\t<div class=\"aligncenter\"><i class=\"fa fontawesome-icon fa-leaf circle-no\" style=\"font-size:70px;margin-left:0;margin-right:0;color:#333333;\"><\/i><\/div><p style=\"text-align: center; color: #333333; padding-top: 20px;\">Linha Agr\u00edcola<\/p>\n<div class=\"fusion-clearfix\"><\/div>\n\n\t\t\t\t\t<\/div>\n\t\t\t\t<\/div><div  class=\"fusion-layout-column fusion_builder_column fusion_builder_column_1_5  fusion-one-fifth fusion-column-last fusion-no-small-visibility 1_5\"  style='margin-top:0px;margin-bottom:20px;width:20%;width:calc(20% - ( ( 4% + 4% + 4% + 4% ) * 0.2 ) );'>\n\t\t\t\t\t<div class=\"fusion-column-wrapper\" style=\"background-position:left top;background-repeat:no-repeat;-webkit-background-size:cover;-moz-background-size:cover;-o-background-size:cover;background-size:cover;\"  data-bg-url=\"\">\n\t\t\t\t\t\t<div class=\"aligncenter\"><i class=\"fa fontawesome-icon fa-cogs circle-no\" style=\"font-size:70px;margin-left:0;margin-right:0;color:#333333;\"><\/i><\/div><p style=\"text-align: center; color: #333333; padding-top: 20px;\">Implementos<\/p>\n<div class=\"fusion-clearfix\"><\/div>\n\n\t\t\t\t\t<\/div>\n\t\t\t\t<\/div><div  class=\"fusion-layout-column fusion_builder_column fusion_builder_column_1_4  fusion-one-fourth fusion-column-first 1_4\"  style='margin-top:0px;margin-bottom:20px;width:25%;width:calc(25% - ( ( 4% ) * 0.25 ) );margin-right: 4%;'>\n\t\t\t\t\t<div class=\"fusion-column-wrapper\" style=\"background-position:left top;background-repeat:no-repeat;-webkit-background-size:cover;-moz-background-size:cover;-o-background-size:cover;background-size:cover;\"  data-bg-url=\"\">\n\t\t\t\t\t\t<span class=\"fusion-imageframe imageframe-none imageframe-1 hover-type-zoomin\"><img loading=\"lazy\" src=\"http:\/\/rigitec.com.br\/br\/wp-content\/uploads\/2017\/11\/caminhao.jpg\" width=\"1200\" height=\"1200\" alt=\"\" title=\"caminhao\" class=\"img-responsive wp-image-12147\" srcset=\"http:\/\/rigitec.com.br\/br\/wp-content\/uploads\/2017\/11\/caminhao-200x200.jpg 200w, http:\/\/rigitec.com.br\/br\/wp-content\/uploads\/2017\/11\/caminhao-400x400.jpg 400w, http:\/\/rigitec.com.br\/br\/wp-content\/uploads\/2017\/11\/caminhao-600x600.jpg 600w, http:\/\/rigitec.com.br\/br\/wp-content\/uploads\/2017\/11\/caminhao-800x800.jpg 800w, http:\/\/rigitec.com.br\/br\/wp-content\/uploads\/2017\/11\/caminhao.jpg 1200w\" sizes=\"(max-width: 800px) 100vw, 1100px\" \/><\/span><div class=\"fusion-clearfix\"><\/div>\n\n\t\t\t\t\t<\/div>\n\t\t\t\t<\/div><div  class=\"fusion-layout-column fusion_builder_column fusion_builder_column_3_4  fusion-three-fourth fusion-column-last 3_4\"  style='margin-top:0px;margin-bottom:20px;width:75%;width:calc(75% - ( ( 4% ) * 0.75 ) );'>\n\t\t\t\t\t<div class=\"fusion-column-wrapper\" style=\"background-position:left top;background-repeat:no-repeat;-webkit-background-size:cover;-moz-background-size:cover;-o-background-size:cover;background-size:cover;\"  data-bg-url=\"\">\n\t\t\t\t\t\t<p style=\"vertical-align: baseline; margin: 3.75pt 0cm 7.5pt 0cm;\"><span style=\"font-size: 9.0pt; font-family: Verdana; color: black;\">A RIGITEC fornece sistemas de condu\u00e7\u00e3o de fluidos para os fabricantes de caminh\u00f5es e \u00f4nibus e de maquinas agr\u00edcolas e de constru\u00e7\u00e3o. Para autom\u00f3veis a Rigitec conta com a parceria de sistemistas OEM.<\/span><\/p>\n<p style=\"vertical-align: baseline; margin: 3.75pt 0cm 7.5pt 0cm;\"><span style=\"font-size: 9.0pt; font-family: Verdana; color: black;\">A empresa atua tamb\u00e9m no segmento de reposi\u00e7\u00e3o de autope\u00e7as atrav\u00e9s de grandes parceiros distribuidores, entre eles a ODAPEL, parceiro h\u00e1 mais de 20 anos.<\/span><\/p>\n<p style=\"vertical-align: baseline; margin: 3.75pt 0cm 7.5pt 0cm;\"><span style=\"font-size: 9.0pt; font-family: Verdana; color: black;\">No mercado exterior a Rigitec tem sua marca reconhecida como produto de alta qualidade em pa\u00edses como Peru, Chile, Bol\u00edvia e Equador. Tambem exportamos para clientes OEM nos Estados Unidos da Am\u00e9rica<\/span><\/p>\n<div class=\"fusion-clearfix\"><\/div>\n\n\t\t\t\t\t<\/div>\n\t\t\t\t<\/div><\/div><\/div>\n","protected":false},"excerpt":{"rendered":"","protected":false},"author":1,"featured_media":0,"parent":0,"menu_order":0,"comment_status":"closed","ping_status":"closed","template":"100-width.php","meta":[],"_links":{"self":[{"href":"http:\/\/rigitec.com.br\/br\/wp-json\/wp\/v2\/pages\/12138"}],"collection":[{"href":"http:\/\/rigitec.com.br\/br\/wp-json\/wp\/v2\/pages"}],"about":[{"href":"http:\/\/rigitec.com.br\/br\/wp-json\/wp\/v2\/types\/page"}],"author":[{"embeddable":true,"href":"http:\/\/rigitec.com.br\/br\/wp-json\/wp\/v2\/users\/1"}],"replies":[{"embeddable":true,"href":"http:\/\/rigitec.com.br\/br\/wp-json\/wp\/v2\/comments?post=12138"}],"version-history":[{"count":14,"href":"http:\/\/rigitec.com.br\/br\/wp-json\/wp\/v2\/pages\/12138\/revisions"}],"predecessor-version":[{"id":12437,"href":"http:\/\/rigitec.com.br\/br\/wp-json\/wp\/v2\/pages\/12138\/revisions\/12437"}],"wp:attachment":[{"href":"http:\/\/rigitec.com.br\/br\/wp-json\/wp\/v2\/media?parent=12138"}],"curies":[{"name":"wp","href":"https:\/\/api.w.org\/{rel}","templated":true}]}}