{"id":6,"date":"2016-08-10T08:50:57","date_gmt":"2016-08-10T08:50:57","guid":{"rendered":"http:\/\/rigitec.com.br\/br\/?page_id=6"},"modified":"2017-11-30T16:20:06","modified_gmt":"2017-11-30T18:20:06","slug":"historia","status":"publish","type":"page","link":"http:\/\/rigitec.com.br\/br\/historia\/","title":{"rendered":"HIST\u00d3RIA"},"content":{"rendered":"<div  class=\"fusion-fullwidth fullwidth-box fusion-blend-mode nonhundred-percent-fullwidth\"  style='background-color: rgba(255,255,255,0);background-position: center center;background-repeat: no-repeat;padding-top:0px;padding-right:0px;padding-bottom:0px;padding-left:0px;'><div class=\"fusion-builder-row fusion-row \"><div  class=\"fusion-layout-column fusion_builder_column fusion_builder_column_1_4  fusion-one-fourth fusion-column-first fusion-no-small-visibility 1_4\"  style='margin-top:0px;margin-bottom:20px;width:25%;width:calc(25% - ( ( 4% ) * 0.25 ) );margin-right: 4%;'>\n\t\t\t\t\t<div class=\"fusion-column-wrapper\" style=\"background-position:left top;background-repeat:no-repeat;-webkit-background-size:cover;-moz-background-size:cover;-o-background-size:cover;background-size:cover;\"  data-bg-url=\"\">\n\t\t\t\t\t\t<span class=\"fusion-imageframe imageframe-none imageframe-1 hover-type-zoomin\"><img loading=\"lazy\" src=\"http:\/\/rigitec.com.br\/br\/wp-content\/uploads\/2016\/08\/hist.jpg\" width=\"289\" height=\"597\" alt=\"\" title=\"hist\" class=\"img-responsive wp-image-12123\" srcset=\"http:\/\/rigitec.com.br\/br\/wp-content\/uploads\/2016\/08\/hist-200x413.jpg 200w, http:\/\/rigitec.com.br\/br\/wp-content\/uploads\/2016\/08\/hist.jpg 289w\" sizes=\"(max-width: 800px) 100vw, 1100px\" \/><\/span><div class=\"fusion-clearfix\"><\/div>\n\n\t\t\t\t\t<\/div>\n\t\t\t\t<\/div><div  class=\"fusion-layout-column fusion_builder_column fusion_builder_column_3_4  fusion-three-fourth fusion-column-last 3_4\"  style='margin-top:0px;margin-bottom:20px;width:75%;width:calc(75% - ( ( 4% ) * 0.75 ) );'>\n\t\t\t\t\t<div class=\"fusion-column-wrapper\" style=\"background-position:left top;background-repeat:no-repeat;-webkit-background-size:cover;-moz-background-size:cover;-o-background-size:cover;background-size:cover;\"  data-bg-url=\"\">\n\t\t\t\t\t\t<p>Fundada em 1970 como Ind\u00fastria Mec\u00e2nica Fontaniello, iniciou suas atividades com a fabrica\u00e7\u00e3o de pe\u00e7as usinadas para alguns pequenos clientes. Em 1976 um desses clientes que j\u00e1 chamava-se RIGITEC foi adquirido e o nome e a marcar foram adotados da\u00ed em diante.<\/p>\n<p>Em 1978, a Rigitec iniciou o fornecimento para a ind\u00fastria automobil\u00edstica, atrav\u00e9s da empresa ZF, at\u00e9 hoje um dos principais parceiros de neg\u00f3cios.<\/p>\n<p>Em 1980 firmou forte parceria com a BOSCH ao desenvolver toda linha de tubos injetores diesel. De l\u00e1 para c\u00e1 foram mais de 7 milh\u00f5es de pe\u00e7as fornecidas com alto grau de confiabilidade.<\/p>\n<p>Em 1998 a Rigitec recebeu a Certifica\u00e7\u00e3o ISO 9000 e em 2003 a ISO\/TS 16.949, se tornando fornecedora direta para as montadoras de ve\u00edculos. As primeiras montadoras foram a Mercedes-Benz e a VW Caminh\u00f5es (MAN).<\/p>\n<p>Em 2007, a Rigitec adquiriu um concorrente em Cachoeirinha \u2013 RS e estabeleceu sua primeira filial denominada Rigitec Sul, com o objetivo de melhor atender os clientes da linha agr\u00edcola no sul do Brasil.<\/p>\n<p>Em 2009, a holding familiar fundou a BTL Steelworks, fabricante de tubos em a\u00e7o sem costura, para atender a demanda Rigitec, e outros clientes, tanto no mercado automotivo quanto para outros segmentos.<\/p>\n<p>Com evolu\u00e7\u00e3o e incessante busca por novas tecnologias a Rigitec \u00e9 refer\u00eancia de mercado e est\u00e1 pronta para atender todas as necessidades em Sistemas de Condu\u00e7\u00e3o de Fluidos.<\/p>\n<div class=\"fusion-clearfix\"><\/div>\n\n\t\t\t\t\t<\/div>\n\t\t\t\t<\/div><\/div><\/div>\n","protected":false},"excerpt":{"rendered":"","protected":false},"author":1,"featured_media":0,"parent":0,"menu_order":0,"comment_status":"closed","ping_status":"closed","template":"100-width.php","meta":[],"_links":{"self":[{"href":"http:\/\/rigitec.com.br\/br\/wp-json\/wp\/v2\/pages\/6"}],"collection":[{"href":"http:\/\/rigitec.com.br\/br\/wp-json\/wp\/v2\/pages"}],"about":[{"href":"http:\/\/rigitec.com.br\/br\/wp-json\/wp\/v2\/types\/page"}],"author":[{"embeddable":true,"href":"http:\/\/rigitec.com.br\/br\/wp-json\/wp\/v2\/users\/1"}],"replies":[{"embeddable":true,"href":"http:\/\/rigitec.com.br\/br\/wp-json\/wp\/v2\/comments?post=6"}],"version-history":[{"count":17,"href":"http:\/\/rigitec.com.br\/br\/wp-json\/wp\/v2\/pages\/6\/revisions"}],"predecessor-version":[{"id":12436,"href":"http:\/\/rigitec.com.br\/br\/wp-json\/wp\/v2\/pages\/6\/revisions\/12436"}],"wp:attachment":[{"href":"http:\/\/rigitec.com.br\/br\/wp-json\/wp\/v2\/media?parent=6"}],"curies":[{"name":"wp","href":"https:\/\/api.w.org\/{rel}","templated":true}]}}